{"id":11094,"date":"2026-04-27T15:20:07","date_gmt":"2026-04-27T15:20:07","guid":{"rendered":"https:\/\/rumotojawa.pt\/produto\/jawa-350-primary-chain\/"},"modified":"2026-04-27T15:20:07","modified_gmt":"2026-04-27T15:20:07","slug":"jawa-350-primary-chain","status":"publish","type":"product","link":"https:\/\/rumotojawa.pt\/en\/product\/jawa-350-primary-chain\/","title":{"rendered":"Jawa 350 Primary chain"},"content":{"rendered":"<p>Primary chaint 64 links.<\/p>\n<p>Jawa 350 type 18 P\u00e9r\u00e1k, year 1948-55<br \/>\nJawa Ogar 350 type 12, year 1948<br \/>\nJawa 350 type 360 \u200b\u200bPanelka, from 1964<br \/>\nJawa 350 type 361 Sport, 1965<br \/>\nJawa 350 type 362 Californian, 1969<br \/>\nJawa, \u010cZ 350 type 354 K\u00fdva\u010dka since 1954<br \/>\nJawa 250\/350 type 623-633 Bizon, 1969<\/p>\n","protected":false},"excerpt":{"rendered":"<p>Jawa 350 Primary chain<\/p>\n","protected":false},"featured_media":8353,"comment_status":"closed","ping_status":"closed","template":"","meta":{"jetpack_publicize_message":"","jetpack_publicize_feature_enabled":true,"jetpack_social_post_already_shared":true,"jetpack_social_options":{"image_generator_settings":{"template":"highway","default_image_id":0,"font":"","enabled":false},"version":2}},"product_brand":[493,494],"product_cat":[458],"product_tag":[],"class_list":{"0":"post-11094","1":"product","2":"type-product","3":"status-publish","4":"has-post-thumbnail","6":"product_brand-cz-en","7":"product_brand-jawa-en","8":"product_cat-engine-and-parts","10":"first","11":"instock","12":"taxable","13":"shipping-taxable","14":"purchasable","15":"product-type-simple"},"jetpack_publicize_connections":[],"jetpack_likes_enabled":true,"jetpack_sharing_enabled":true,"_links":{"self":[{"href":"https:\/\/rumotojawa.pt\/en\/wp-json\/wp\/v2\/product\/11094","targetHints":{"allow":["GET"]}}],"collection":[{"href":"https:\/\/rumotojawa.pt\/en\/wp-json\/wp\/v2\/product"}],"about":[{"href":"https:\/\/rumotojawa.pt\/en\/wp-json\/wp\/v2\/types\/product"}],"replies":[{"embeddable":true,"href":"https:\/\/rumotojawa.pt\/en\/wp-json\/wp\/v2\/comments?post=11094"}],"wp:featuredmedia":[{"embeddable":true,"href":"https:\/\/rumotojawa.pt\/en\/wp-json\/wp\/v2\/media\/8353"}],"wp:attachment":[{"href":"https:\/\/rumotojawa.pt\/en\/wp-json\/wp\/v2\/media?parent=11094"}],"wp:term":[{"taxonomy":"product_brand","embeddable":true,"href":"https:\/\/rumotojawa.pt\/en\/wp-json\/wp\/v2\/product_brand?post=11094"},{"taxonomy":"product_cat","embeddable":true,"href":"https:\/\/rumotojawa.pt\/en\/wp-json\/wp\/v2\/product_cat?post=11094"},{"taxonomy":"product_tag","embeddable":true,"href":"https:\/\/rumotojawa.pt\/en\/wp-json\/wp\/v2\/product_tag?post=11094"}],"curies":[{"name":"wp","href":"https:\/\/api.w.org\/{rel}","templated":true}]}}