{"id":11095,"date":"2026-04-27T15:16:20","date_gmt":"2026-04-27T15:16:20","guid":{"rendered":"https:\/\/rumotojawa.pt\/produto\/jawa-cz-125-250-primary-chain\/"},"modified":"2026-04-27T15:16:20","modified_gmt":"2026-04-27T15:16:20","slug":"jawa-cz-125-250-primary-chain","status":"publish","type":"product","link":"https:\/\/rumotojawa.pt\/en\/product\/jawa-cz-125-250-primary-chain\/","title":{"rendered":"Jawa, CZ 125-250 Primary chain"},"content":{"rendered":"<p>Primary chain 54 links<\/p>\n<p>Jawa, \u010cZ 125 tipo 355 K\u00fdva\u010dka desde 1956<br \/>\nJawa, \u010cZ 175 tipo 356 K\u00fdva\u010dka de 1956<br \/>\n\u010cZ 125 tipo 453, de 196-<br \/>\n\u010cZ 125 tipo 473, de 196-<br \/>\n\u010cZ 175 tipo 450, de 196-<br \/>\n\u010cZ 175 tipo 470, de 196-<br \/>\n\u010cZ 250 tipo 455, de 196-<br \/>\n\u010cZ 250 tipo 475, de 196-<br \/>\n\u010cZ 175 tipo 501-Scooter, ano 1958-<br \/>\n\u010cZ 175 tipo 502-Scooter, ano 196-<br \/>\nTriciclo Scooter \u010cZ 175 tipo 505<br \/>\nCZ 125 tipo 476<br \/>\nCZ 175 tipo 477<br \/>\n\u010cZ 125\/175 tipo 487\/488<\/p>\n","protected":false},"excerpt":{"rendered":"<p>Jawa, CZ 125-250 Primary chain<\/p>\n","protected":false},"featured_media":8353,"comment_status":"closed","ping_status":"closed","template":"","meta":{"jetpack_publicize_message":"","jetpack_publicize_feature_enabled":true,"jetpack_social_post_already_shared":true,"jetpack_social_options":{"image_generator_settings":{"template":"highway","default_image_id":0,"font":"","enabled":false},"version":2}},"product_brand":[493,494],"product_cat":[458],"product_tag":[],"class_list":{"0":"post-11095","1":"product","2":"type-product","3":"status-publish","4":"has-post-thumbnail","6":"product_brand-cz-en","7":"product_brand-jawa-en","8":"product_cat-engine-and-parts","10":"first","11":"instock","12":"taxable","13":"shipping-taxable","14":"purchasable","15":"product-type-simple"},"jetpack_publicize_connections":[],"jetpack_likes_enabled":true,"jetpack_sharing_enabled":true,"_links":{"self":[{"href":"https:\/\/rumotojawa.pt\/en\/wp-json\/wp\/v2\/product\/11095","targetHints":{"allow":["GET"]}}],"collection":[{"href":"https:\/\/rumotojawa.pt\/en\/wp-json\/wp\/v2\/product"}],"about":[{"href":"https:\/\/rumotojawa.pt\/en\/wp-json\/wp\/v2\/types\/product"}],"replies":[{"embeddable":true,"href":"https:\/\/rumotojawa.pt\/en\/wp-json\/wp\/v2\/comments?post=11095"}],"wp:featuredmedia":[{"embeddable":true,"href":"https:\/\/rumotojawa.pt\/en\/wp-json\/wp\/v2\/media\/8353"}],"wp:attachment":[{"href":"https:\/\/rumotojawa.pt\/en\/wp-json\/wp\/v2\/media?parent=11095"}],"wp:term":[{"taxonomy":"product_brand","embeddable":true,"href":"https:\/\/rumotojawa.pt\/en\/wp-json\/wp\/v2\/product_brand?post=11095"},{"taxonomy":"product_cat","embeddable":true,"href":"https:\/\/rumotojawa.pt\/en\/wp-json\/wp\/v2\/product_cat?post=11095"},{"taxonomy":"product_tag","embeddable":true,"href":"https:\/\/rumotojawa.pt\/en\/wp-json\/wp\/v2\/product_tag?post=11095"}],"curies":[{"name":"wp","href":"https:\/\/api.w.org\/{rel}","templated":true}]}}